{"id":1579,"date":"2020-01-09T04:10:53","date_gmt":"2020-01-09T04:10:53","guid":{"rendered":"http:\/\/wpdemo.archiwp.com\/engitech\/?page_id=1579"},"modified":"2026-02-26T10:35:19","modified_gmt":"2026-02-26T10:35:19","slug":"certificaciones","status":"publish","type":"page","link":"https:\/\/ecocert-recycling.com\/en\/certificaciones\/","title":{"rendered":"Certifications"},"content":{"rendered":"<div data-elementor-type=\"wp-page\" data-elementor-id=\"1579\" class=\"elementor elementor-1579\">\n\t\t\t\t\t\t<section class=\"elementor-section elementor-top-section elementor-element elementor-element-7f3cbd8 elementor-section-content-middle ot-traditional elementor-section-boxed elementor-section-height-default elementor-section-height-default\" data-id=\"7f3cbd8\" data-element_type=\"section\" data-e-type=\"section\" data-settings=\"{&quot;background_background&quot;:&quot;classic&quot;}\">\n\t\t\t\t\t\t<div class=\"elementor-container elementor-column-gap-extended\">\n\t\t\t\t\t<div class=\"elementor-column elementor-col-50 elementor-top-column elementor-element elementor-element-9fc2569 ot-flex-column-vertical\" data-id=\"9fc2569\" data-element_type=\"column\" data-e-type=\"column\">\n\t\t\t<div class=\"elementor-widget-wrap elementor-element-populated\">\n\t\t\t\t\t\t<div class=\"elementor-element elementor-element-925ee15 elementor-widget elementor-widget-iheading\" data-id=\"925ee15\" data-element_type=\"widget\" data-e-type=\"widget\" data-widget_type=\"iheading.default\">\n\t\t\t\t<div class=\"elementor-widget-container\">\n\t\t\t\t\t\t\t<div class=\"ot-heading\">\r\n\t        \t            <span>\/\/ Ecocert certifications:<\/span>\r\n\t        <h2 class=\"main-heading\">Key advantages for your organization <br><\/h2>\t    <\/div>\r\n\t    \t\t\t\t<\/div>\n\t\t\t\t<\/div>\n\t\t\t\t<div class=\"elementor-element elementor-element-5f326aa elementor-widget elementor-widget-text-editor\" data-id=\"5f326aa\" data-element_type=\"widget\" data-e-type=\"widget\" data-widget_type=\"text-editor.default\">\n\t\t\t\t<div class=\"elementor-widget-container\">\n\t\t\t\t\t\t\t\t\t<p>From the first audit to the issuance of the certificate, our teams evaluate and verify that your activities comply with the specifications you have chosen.<\/p>\t\t\t\t\t\t\t\t<\/div>\n\t\t\t\t<\/div>\n\t\t\t\t\t<\/div>\n\t\t<\/div>\n\t\t\t\t<div class=\"elementor-column elementor-col-50 elementor-top-column elementor-element elementor-element-7564da8 ot-flex-column-vertical\" data-id=\"7564da8\" data-element_type=\"column\" data-e-type=\"column\">\n\t\t\t<div class=\"elementor-widget-wrap elementor-element-populated\">\n\t\t\t\t\t\t<section class=\"elementor-section elementor-inner-section elementor-element elementor-element-c97a89f elementor-section-full_width ot-layout_block elementor-section-height-default elementor-section-height-default\" data-id=\"c97a89f\" data-element_type=\"section\" data-e-type=\"section\">\n\t\t\t\t\t\t<div class=\"elementor-container elementor-column-gap-extended\">\n\t\t\t\t\t<div class=\"elementor-column elementor-col-50 elementor-inner-column elementor-element elementor-element-ee166a8 ot-flex-column-vertical\" data-id=\"ee166a8\" data-element_type=\"column\" data-e-type=\"column\">\n\t\t\t<div class=\"elementor-widget-wrap elementor-element-populated\">\n\t\t\t\t\t\t<div class=\"elementor-element elementor-element-3bd0bf1 elementor-widget elementor-widget-iimagebox1\" data-id=\"3bd0bf1\" data-element_type=\"widget\" data-e-type=\"widget\" data-widget_type=\"iimagebox1.default\">\n\t\t\t\t<div class=\"elementor-widget-container\">\n\t\t\t\t\t\t\t<a class=\"ot-image-box\" href=\"#\">\r\n\t\t\t<div class=\"overlay\">\r\n\t        \t<h4>Our Mission<\/h4>\r\n\t\t\t<\/div>\r\n\t\t\t<img decoding=\"async\" src=\"https:\/\/engitech.s3.amazonaws.com\/images\/image-box1.jpg\" alt=\"Our Mission\">\r\n\t\t<\/a>\r\n\t    \t\t\t\t<\/div>\n\t\t\t\t<\/div>\n\t\t\t\t<div class=\"elementor-element elementor-element-f732a9b elementor-widget elementor-widget-iimagebox1\" data-id=\"f732a9b\" data-element_type=\"widget\" data-e-type=\"widget\" data-widget_type=\"iimagebox1.default\">\n\t\t\t\t<div class=\"elementor-widget-container\">\n\t\t\t\t\t\t\t<a class=\"ot-image-box\" href=\"#\">\r\n\t\t\t<div class=\"overlay\">\r\n\t        \t<h4>Our Philosophy<\/h4>\r\n\t\t\t<\/div>\r\n\t\t\t<img decoding=\"async\" src=\"https:\/\/engitech.s3.amazonaws.com\/images\/image-box3.jpg\" alt=\"Our Philosophy\">\r\n\t\t<\/a>\r\n\t    \t\t\t\t<\/div>\n\t\t\t\t<\/div>\n\t\t\t\t\t<\/div>\n\t\t<\/div>\n\t\t\t\t<div class=\"elementor-column elementor-col-50 elementor-inner-column elementor-element elementor-element-d9c942d ot-flex-column-vertical\" data-id=\"d9c942d\" data-element_type=\"column\" data-e-type=\"column\">\n\t\t\t<div class=\"elementor-widget-wrap elementor-element-populated\">\n\t\t\t\t\t\t<div class=\"elementor-element elementor-element-0d52049 elementor-widget elementor-widget-iimagebox1\" data-id=\"0d52049\" data-element_type=\"widget\" data-e-type=\"widget\" data-widget_type=\"iimagebox1.default\">\n\t\t\t\t<div class=\"elementor-widget-container\">\n\t\t\t\t\t\t\t<a class=\"ot-image-box\" href=\"#\">\r\n\t\t\t<div class=\"overlay\">\r\n\t        \t<h4>Our Vision<\/h4>\r\n\t\t\t<\/div>\r\n\t\t\t<img decoding=\"async\" src=\"https:\/\/engitech.s3.amazonaws.com\/images\/image-box2.jpg\" alt=\"Our Vision\">\r\n\t\t<\/a>\r\n\t    \t\t\t\t<\/div>\n\t\t\t\t<\/div>\n\t\t\t\t<div class=\"elementor-element elementor-element-cf54c53 elementor-widget elementor-widget-iimagebox1\" data-id=\"cf54c53\" data-element_type=\"widget\" data-e-type=\"widget\" data-widget_type=\"iimagebox1.default\">\n\t\t\t\t<div class=\"elementor-widget-container\">\n\t\t\t\t\t\t\t<a class=\"ot-image-box\" href=\"#\">\r\n\t\t\t<div class=\"overlay\">\r\n\t        \t<h4>Our Strategy<\/h4>\r\n\t\t\t<\/div>\r\n\t\t\t<img decoding=\"async\" src=\"https:\/\/engitech.s3.amazonaws.com\/images\/image-box4.jpg\" alt=\"Our Strategy\">\r\n\t\t<\/a>\r\n\t    \t\t\t\t<\/div>\n\t\t\t\t<\/div>\n\t\t\t\t\t<\/div>\n\t\t<\/div>\n\t\t\t\t\t<\/div>\n\t\t<\/section>\n\t\t\t\t\t<\/div>\n\t\t<\/div>\n\t\t\t\t\t<\/div>\n\t\t<\/section>\n\t\t\t\t<section class=\"elementor-section elementor-top-section elementor-element elementor-element-b166d59 ot-traditional elementor-section-boxed elementor-section-height-default elementor-section-height-default\" data-id=\"b166d59\" data-element_type=\"section\" data-e-type=\"section\" data-settings=\"{&quot;background_background&quot;:&quot;classic&quot;}\">\n\t\t\t\t\t\t<div class=\"elementor-container elementor-column-gap-default\">\n\t\t\t\t\t<div class=\"elementor-column elementor-col-100 elementor-top-column elementor-element elementor-element-1e7336e ot-flex-column-vertical\" data-id=\"1e7336e\" data-element_type=\"column\" data-e-type=\"column\">\n\t\t\t<div class=\"elementor-widget-wrap elementor-element-populated\">\n\t\t\t\t\t\t<div class=\"elementor-element elementor-element-66433ec elementor-arrows-position-inside elementor-pagination-position-outside elementor-widget elementor-widget-image-carousel\" data-id=\"66433ec\" data-element_type=\"widget\" data-e-type=\"widget\" data-settings=\"{&quot;slides_to_show&quot;:&quot;10&quot;,&quot;navigation&quot;:&quot;both&quot;,&quot;autoplay&quot;:&quot;yes&quot;,&quot;pause_on_hover&quot;:&quot;yes&quot;,&quot;pause_on_interaction&quot;:&quot;yes&quot;,&quot;autoplay_speed&quot;:5000,&quot;infinite&quot;:&quot;yes&quot;,&quot;speed&quot;:500}\" data-widget_type=\"image-carousel.default\">\n\t\t\t\t<div class=\"elementor-widget-container\">\n\t\t\t\t\t\t\t<div class=\"elementor-image-carousel-wrapper swiper\" role=\"region\" aria-roledescription=\"carousel\" aria-label=\"Image carousel\" dir=\"ltr\">\n\t\t\t<div class=\"elementor-image-carousel swiper-wrapper\" aria-live=\"off\">\n\t\t\t\t\t\t\t\t<div class=\"swiper-slide\" role=\"group\" aria-roledescription=\"slide\" aria-label=\"1 of 15\"><figure class=\"swiper-slide-inner\"><img decoding=\"async\" class=\"swiper-slide-image\" src=\"https:\/\/ecocert-recycling.com\/wp-content\/uploads\/2026\/02\/70.webp\" alt=\"70\" \/><\/figure><\/div><div class=\"swiper-slide\" role=\"group\" aria-roledescription=\"slide\" aria-label=\"2 of 15\"><figure class=\"swiper-slide-inner\"><img decoding=\"async\" class=\"swiper-slide-image\" src=\"https:\/\/ecocert-recycling.com\/wp-content\/uploads\/2026\/02\/70-2.webp\" alt=\"70 (2)\" \/><\/figure><\/div><div class=\"swiper-slide\" role=\"group\" aria-roledescription=\"slide\" aria-label=\"3 of 15\"><figure class=\"swiper-slide-inner\"><img decoding=\"async\" class=\"swiper-slide-image\" src=\"https:\/\/ecocert-recycling.com\/wp-content\/uploads\/2026\/02\/70-1.webp\" alt=\"70 (1)\" \/><\/figure><\/div><div class=\"swiper-slide\" role=\"group\" aria-roledescription=\"slide\" aria-label=\"4 of 15\"><figure class=\"swiper-slide-inner\"><img decoding=\"async\" class=\"swiper-slide-image\" src=\"https:\/\/ecocert-recycling.com\/wp-content\/uploads\/2026\/02\/70-3.webp\" alt=\"70 (3)\" \/><\/figure><\/div><div class=\"swiper-slide\" role=\"group\" aria-roledescription=\"slide\" aria-label=\"5 of 15\"><figure class=\"swiper-slide-inner\"><img decoding=\"async\" class=\"swiper-slide-image\" src=\"https:\/\/ecocert-recycling.com\/wp-content\/uploads\/2026\/02\/70-4.webp\" alt=\"70 (4)\" \/><\/figure><\/div><div class=\"swiper-slide\" role=\"group\" aria-roledescription=\"slide\" aria-label=\"6 of 15\"><figure class=\"swiper-slide-inner\"><img decoding=\"async\" class=\"swiper-slide-image\" src=\"https:\/\/ecocert-recycling.com\/wp-content\/uploads\/2026\/02\/70-6.webp\" alt=\"70 (6)\" \/><\/figure><\/div><div class=\"swiper-slide\" role=\"group\" aria-roledescription=\"slide\" aria-label=\"7 of 15\"><figure class=\"swiper-slide-inner\"><img decoding=\"async\" class=\"swiper-slide-image\" src=\"https:\/\/ecocert-recycling.com\/wp-content\/uploads\/2026\/02\/70-5.webp\" alt=\"70 (5)\" \/><\/figure><\/div><div class=\"swiper-slide\" role=\"group\" aria-roledescription=\"slide\" aria-label=\"8 of 15\"><figure class=\"swiper-slide-inner\"><img decoding=\"async\" class=\"swiper-slide-image\" src=\"https:\/\/ecocert-recycling.com\/wp-content\/uploads\/2026\/02\/70-8.webp\" alt=\"70 (8)\" \/><\/figure><\/div><div class=\"swiper-slide\" role=\"group\" aria-roledescription=\"slide\" aria-label=\"9 of 15\"><figure class=\"swiper-slide-inner\"><img decoding=\"async\" class=\"swiper-slide-image\" src=\"https:\/\/ecocert-recycling.com\/wp-content\/uploads\/2026\/02\/70-7.webp\" alt=\"70 (7)\" \/><\/figure><\/div><div class=\"swiper-slide\" role=\"group\" aria-roledescription=\"slide\" aria-label=\"10 of 15\"><figure class=\"swiper-slide-inner\"><img decoding=\"async\" class=\"swiper-slide-image\" src=\"https:\/\/ecocert-recycling.com\/wp-content\/uploads\/2026\/02\/70-9.webp\" alt=\"70 (9)\" \/><\/figure><\/div><div class=\"swiper-slide\" role=\"group\" aria-roledescription=\"slide\" aria-label=\"11 of 15\"><figure class=\"swiper-slide-inner\"><img decoding=\"async\" class=\"swiper-slide-image\" src=\"https:\/\/ecocert-recycling.com\/wp-content\/uploads\/2026\/02\/70-10.webp\" alt=\"70 (10)\" \/><\/figure><\/div><div class=\"swiper-slide\" role=\"group\" aria-roledescription=\"slide\" aria-label=\"12 of 15\"><figure class=\"swiper-slide-inner\"><img decoding=\"async\" class=\"swiper-slide-image\" src=\"https:\/\/ecocert-recycling.com\/wp-content\/uploads\/2026\/02\/70-11.webp\" alt=\"70 (11)\" \/><\/figure><\/div><div class=\"swiper-slide\" role=\"group\" aria-roledescription=\"slide\" aria-label=\"13 of 15\"><figure class=\"swiper-slide-inner\"><img decoding=\"async\" class=\"swiper-slide-image\" src=\"https:\/\/ecocert-recycling.com\/wp-content\/uploads\/2026\/02\/70-12.webp\" alt=\"70 (12)\" \/><\/figure><\/div><div class=\"swiper-slide\" role=\"group\" aria-roledescription=\"slide\" aria-label=\"14 of 15\"><figure class=\"swiper-slide-inner\"><img decoding=\"async\" class=\"swiper-slide-image\" src=\"https:\/\/ecocert-recycling.com\/wp-content\/uploads\/2026\/02\/70-14.webp\" alt=\"70 (14)\" \/><\/figure><\/div><div class=\"swiper-slide\" role=\"group\" aria-roledescription=\"slide\" aria-label=\"15 of 15\"><figure class=\"swiper-slide-inner\"><img decoding=\"async\" class=\"swiper-slide-image\" src=\"https:\/\/ecocert-recycling.com\/wp-content\/uploads\/2026\/02\/70-13.webp\" alt=\"70 (13)\" \/><\/figure><\/div>\t\t\t<\/div>\n\t\t\t\t\t\t\t\t\t\t\t\t<div class=\"elementor-swiper-button elementor-swiper-button-prev\" role=\"button\" tabindex=\"0\">\n\t\t\t\t\t\t<i aria-hidden=\"true\" class=\"eicon-chevron-left\"><\/i>\t\t\t\t\t<\/div>\n\t\t\t\t\t<div class=\"elementor-swiper-button elementor-swiper-button-next\" role=\"button\" tabindex=\"0\">\n\t\t\t\t\t\t<i aria-hidden=\"true\" class=\"eicon-chevron-right\"><\/i>\t\t\t\t\t<\/div>\n\t\t\t\t\n\t\t\t\t\t\t\t\t\t<div class=\"swiper-pagination\"><\/div>\n\t\t\t\t\t\t\t\t\t<\/div>\n\t\t\t\t\t\t<\/div>\n\t\t\t\t<\/div>\n\t\t\t\t\t<\/div>\n\t\t<\/div>\n\t\t\t\t\t<\/div>\n\t\t<\/section>\n\t\t\t\t<\/div>","protected":false},"excerpt":{"rendered":"<p>\/\/ Las certificaciones Ecocert: Ventajas esenciales para su organizaci\u00f3n Desde la primera auditor\u00eda hasta la emisi\u00f3n del certificado, nuestros equipos eval\u00faan y verifican que sus actividades cumplan con las especificaciones que usted ha elegido. Our Mission Our Philosophy Our Vision Our Strategy<\/p>","protected":false},"author":1,"featured_media":0,"parent":0,"menu_order":0,"comment_status":"closed","ping_status":"closed","template":"","meta":{"footnotes":""},"class_list":["post-1579","page","type-page","status-publish","hentry"],"_links":{"self":[{"href":"https:\/\/ecocert-recycling.com\/en\/wp-json\/wp\/v2\/pages\/1579","targetHints":{"allow":["GET"]}}],"collection":[{"href":"https:\/\/ecocert-recycling.com\/en\/wp-json\/wp\/v2\/pages"}],"about":[{"href":"https:\/\/ecocert-recycling.com\/en\/wp-json\/wp\/v2\/types\/page"}],"author":[{"embeddable":true,"href":"https:\/\/ecocert-recycling.com\/en\/wp-json\/wp\/v2\/users\/1"}],"replies":[{"embeddable":true,"href":"https:\/\/ecocert-recycling.com\/en\/wp-json\/wp\/v2\/comments?post=1579"}],"version-history":[{"count":13,"href":"https:\/\/ecocert-recycling.com\/en\/wp-json\/wp\/v2\/pages\/1579\/revisions"}],"predecessor-version":[{"id":5163,"href":"https:\/\/ecocert-recycling.com\/en\/wp-json\/wp\/v2\/pages\/1579\/revisions\/5163"}],"wp:attachment":[{"href":"https:\/\/ecocert-recycling.com\/en\/wp-json\/wp\/v2\/media?parent=1579"}],"curies":[{"name":"wp","href":"https:\/\/api.w.org\/{rel}","templated":true}]}}